{"id":116,"date":"2025-06-15T19:59:57","date_gmt":"2025-06-15T19:59:57","guid":{"rendered":"https:\/\/diplomadossanmarcos.edu.pe\/compras\/?page_id=116"},"modified":"2025-06-16T21:29:17","modified_gmt":"2025-06-16T21:29:17","slug":"certificados","status":"publish","type":"page","link":"https:\/\/diplomadossanmarcos.edu.pe\/compras\/certificados\/","title":{"rendered":"Certificados"},"content":{"rendered":"\n<p>En cada diploma o curso de especializaci\u00f3n cuyo programa culmines con nota aprobatoria (consultar por la m\u00ednima nota aceptada) se entrega al alumno o alumna un Certificado de Estudios siendo la constancia de haber realizado una formaci\u00f3n acad\u00e9mica firmada por la Facultad de Ciencias Econ\u00f3micas de la Universidad Nacional Mayor de San Marcos y su Centro de Responsabilidad Social y Extensi\u00f3n Universitaria (CERSEU).<\/p>\n\n\n\n<p>M\u00e1s informes en el n\u00famero corporativo 971-856620. Un orientador o asesora podr\u00e1 atenderte.<\/p>\n\n\n\n<p>Los  Certificados para cada Diploma son:<\/p>\n\n\n\n<figure class=\"wp-block-image aligncenter size-full is-resized\"><img loading=\"lazy\" decoding=\"async\" width=\"842\" height=\"593\" src=\"https:\/\/diplomadossanmarcos.edu.pe\/compras\/wp-content\/uploads\/2025\/06\/diploma-certificado-por-universidad-san-marcos.jpeg\" alt=\"\" class=\"wp-image-118\" style=\"width:545px;height:auto\" srcset=\"https:\/\/diplomadossanmarcos.edu.pe\/compras\/wp-content\/uploads\/2025\/06\/diploma-certificado-por-universidad-san-marcos.jpeg 842w, https:\/\/diplomadossanmarcos.edu.pe\/compras\/wp-content\/uploads\/2025\/06\/diploma-certificado-por-universidad-san-marcos-300x211.jpeg 300w, https:\/\/diplomadossanmarcos.edu.pe\/compras\/wp-content\/uploads\/2025\/06\/diploma-certificado-por-universidad-san-marcos-768x541.jpeg 768w, https:\/\/diplomadossanmarcos.edu.pe\/compras\/wp-content\/uploads\/2025\/06\/diploma-certificado-por-universidad-san-marcos-600x423.jpeg 600w\" sizes=\"auto, (max-width: 842px) 100vw, 842px\" \/><figcaption class=\"wp-element-caption\">Al terminar tu programa educativo con nota aprobatoria y estando al d\u00eda en el pago, obtienes autom\u00e1ticamente tu Certificado de Estudios, adem\u00e1s de poder consultarlo en l\u00ednea en la web de Especializaci\u00f3n San Marcos.<\/figcaption><\/figure>\n\n\n\n<p>Los Certificados para cada Curso son:<\/p>\n\n\n\n<figure class=\"wp-block-image aligncenter size-full is-resized\"><img loading=\"lazy\" decoding=\"async\" width=\"842\" height=\"593\" src=\"https:\/\/diplomadossanmarcos.edu.pe\/compras\/wp-content\/uploads\/2025\/06\/curso-certificado-por-universidad-san-marcos.jpeg\" alt=\"\" class=\"wp-image-119\" style=\"width:595px;height:auto\" srcset=\"https:\/\/diplomadossanmarcos.edu.pe\/compras\/wp-content\/uploads\/2025\/06\/curso-certificado-por-universidad-san-marcos.jpeg 842w, https:\/\/diplomadossanmarcos.edu.pe\/compras\/wp-content\/uploads\/2025\/06\/curso-certificado-por-universidad-san-marcos-300x211.jpeg 300w, https:\/\/diplomadossanmarcos.edu.pe\/compras\/wp-content\/uploads\/2025\/06\/curso-certificado-por-universidad-san-marcos-768x541.jpeg 768w, https:\/\/diplomadossanmarcos.edu.pe\/compras\/wp-content\/uploads\/2025\/06\/curso-certificado-por-universidad-san-marcos-600x423.jpeg 600w\" sizes=\"auto, (max-width: 842px) 100vw, 842px\" \/><figcaption class=\"wp-element-caption\">Al terminar tu programa educativo con nota aprobatoria y estando al d\u00eda en el pago, obtienes autom\u00e1ticamente tu Certificado de Estudios, adem\u00e1s de poder consultarlo en l\u00ednea en la web de Especializaci\u00f3n San Marcos.<\/figcaption><\/figure>\n\n\n\n<div class=\"wp-block-buttons is-layout-flex wp-block-buttons-is-layout-flex\">\n<div class=\"wp-block-button\"><a class=\"wp-block-button__link wp-element-button\" href=\"https:\/\/diplomadossanmarcos.edu.pe\/compras\/\" style=\"border-radius:5px\">Ir a Tienda<\/a><\/div>\n<\/div>\n\n\n\n<p><\/p>\n","protected":false},"excerpt":{"rendered":"<p>En cada diploma o curso de especializaci\u00f3n cuyo programa culmines con nota aprobatoria (consultar por la m\u00ednima nota aceptada) se entrega al alumno o alumna un Certificado de Estudios siendo la constancia de haber realizado una formaci\u00f3n acad\u00e9mica firmada por la Facultad de Ciencias Econ\u00f3micas de la Universidad Nacional Mayor de San Marcos y su [&hellip;]<\/p>\n","protected":false},"author":1,"featured_media":0,"parent":0,"menu_order":0,"comment_status":"closed","ping_status":"closed","template":"","meta":{"footnotes":""},"class_list":["post-116","page","type-page","status-publish","hentry"],"aioseo_notices":[],"_links":{"self":[{"href":"https:\/\/diplomadossanmarcos.edu.pe\/compras\/wp-json\/wp\/v2\/pages\/116","targetHints":{"allow":["GET"]}}],"collection":[{"href":"https:\/\/diplomadossanmarcos.edu.pe\/compras\/wp-json\/wp\/v2\/pages"}],"about":[{"href":"https:\/\/diplomadossanmarcos.edu.pe\/compras\/wp-json\/wp\/v2\/types\/page"}],"author":[{"embeddable":true,"href":"https:\/\/diplomadossanmarcos.edu.pe\/compras\/wp-json\/wp\/v2\/users\/1"}],"replies":[{"embeddable":true,"href":"https:\/\/diplomadossanmarcos.edu.pe\/compras\/wp-json\/wp\/v2\/comments?post=116"}],"version-history":[{"count":2,"href":"https:\/\/diplomadossanmarcos.edu.pe\/compras\/wp-json\/wp\/v2\/pages\/116\/revisions"}],"predecessor-version":[{"id":146,"href":"https:\/\/diplomadossanmarcos.edu.pe\/compras\/wp-json\/wp\/v2\/pages\/116\/revisions\/146"}],"wp:attachment":[{"href":"https:\/\/diplomadossanmarcos.edu.pe\/compras\/wp-json\/wp\/v2\/media?parent=116"}],"curies":[{"name":"wp","href":"https:\/\/api.w.org\/{rel}","templated":true}]}}