{"id":101,"date":"2025-06-15T18:59:38","date_gmt":"2025-06-15T18:59:38","guid":{"rendered":"https:\/\/diplomadossanmarcos.edu.pe\/compras\/?post_type=product&#038;p=101"},"modified":"2025-06-15T19:22:56","modified_gmt":"2025-06-15T19:22:56","slug":"diploma-de-especializacion-en-gerencia-y-gestion-de-proyectos","status":"publish","type":"product","link":"https:\/\/diplomadossanmarcos.edu.pe\/compras\/producto\/diploma-de-especializacion-en-gerencia-y-gestion-de-proyectos\/","title":{"rendered":"Diploma de Especializaci\u00f3n en Gerencia y Gesti\u00f3n de Proyectos"},"content":{"rendered":"<p>Al terminar el Curso, obtienes un Certificado de Estudios otorgado por la Facultad de Econom\u00eda de la Universidad Nacional Mayor de San Marcos &#8211; CERSEU.<\/p>\n","protected":false},"excerpt":{"rendered":"<p>Este Diploma de Especializaci\u00f3n te muestra todo el cuerpo de conocimientos en la gesti\u00f3n de proyectos, sus normas, sus procesos, las pr\u00e1cticas recomendadas, el vocabulario y las directrices aceptadas en el sector. Descubres, aprendes, y trabajas.<\/p>\n","protected":false},"featured_media":102,"comment_status":"closed","ping_status":"closed","template":"","meta":[],"product_brand":[],"product_cat":[17],"product_tag":[],"class_list":{"0":"post-101","1":"product","2":"type-product","3":"status-publish","4":"has-post-thumbnail","6":"product_cat-diplomas","8":"first","9":"instock","10":"shipping-taxable","11":"purchasable","12":"product-type-simple"},"aioseo_notices":[],"_links":{"self":[{"href":"https:\/\/diplomadossanmarcos.edu.pe\/compras\/wp-json\/wp\/v2\/product\/101","targetHints":{"allow":["GET"]}}],"collection":[{"href":"https:\/\/diplomadossanmarcos.edu.pe\/compras\/wp-json\/wp\/v2\/product"}],"about":[{"href":"https:\/\/diplomadossanmarcos.edu.pe\/compras\/wp-json\/wp\/v2\/types\/product"}],"replies":[{"embeddable":true,"href":"https:\/\/diplomadossanmarcos.edu.pe\/compras\/wp-json\/wp\/v2\/comments?post=101"}],"wp:featuredmedia":[{"embeddable":true,"href":"https:\/\/diplomadossanmarcos.edu.pe\/compras\/wp-json\/wp\/v2\/media\/102"}],"wp:attachment":[{"href":"https:\/\/diplomadossanmarcos.edu.pe\/compras\/wp-json\/wp\/v2\/media?parent=101"}],"wp:term":[{"taxonomy":"product_brand","embeddable":true,"href":"https:\/\/diplomadossanmarcos.edu.pe\/compras\/wp-json\/wp\/v2\/product_brand?post=101"},{"taxonomy":"product_cat","embeddable":true,"href":"https:\/\/diplomadossanmarcos.edu.pe\/compras\/wp-json\/wp\/v2\/product_cat?post=101"},{"taxonomy":"product_tag","embeddable":true,"href":"https:\/\/diplomadossanmarcos.edu.pe\/compras\/wp-json\/wp\/v2\/product_tag?post=101"}],"curies":[{"name":"wp","href":"https:\/\/api.w.org\/{rel}","templated":true}]}}