{"id":192,"date":"2025-06-19T03:17:19","date_gmt":"2025-06-19T03:17:19","guid":{"rendered":"https:\/\/diplomadossanmarcos.edu.pe\/compras\/?post_type=product&#038;p=192"},"modified":"2025-06-19T03:22:51","modified_gmt":"2025-06-19T03:22:51","slug":"diploma-de-especializacion-en-business-analytics-and-intelligence","status":"publish","type":"product","link":"https:\/\/diplomadossanmarcos.edu.pe\/compras\/producto\/diploma-de-especializacion-en-business-analytics-and-intelligence\/","title":{"rendered":"Diploma de Especializaci\u00f3n en Business Analytics and Intelligence"},"content":{"rendered":"<p>Al terminar el Curso, obtienes un Certificado de Estudios otorgado por la Facultad de Econom\u00eda de la Universidad Nacional Mayor de San Marcos (UNMSM) mediante su Centro de Responsabilidad Social y Extensi\u00f3n Universitaria (CERSEU).<\/p>\n","protected":false},"excerpt":{"rendered":"<p>Este Diploma de Especializaci\u00f3n te genera mejores <strong>habilidades en an\u00e1lisis de datos, modelado predictivo, gesti\u00f3n de datos y muchas m\u00e1s destrezas<\/strong>. Adem\u00e1s con Machine Learning y Big Data llegas a diferentes audiencias en la organizaci\u00f3n. Empieza ahora.<\/p>\n","protected":false},"featured_media":193,"comment_status":"closed","ping_status":"closed","template":"","meta":[],"product_brand":[],"product_cat":[17],"product_tag":[],"class_list":{"0":"post-192","1":"product","2":"type-product","3":"status-publish","4":"has-post-thumbnail","6":"product_cat-diplomas","8":"first","9":"instock","10":"shipping-taxable","11":"purchasable","12":"product-type-simple"},"aioseo_notices":[],"_links":{"self":[{"href":"https:\/\/diplomadossanmarcos.edu.pe\/compras\/wp-json\/wp\/v2\/product\/192","targetHints":{"allow":["GET"]}}],"collection":[{"href":"https:\/\/diplomadossanmarcos.edu.pe\/compras\/wp-json\/wp\/v2\/product"}],"about":[{"href":"https:\/\/diplomadossanmarcos.edu.pe\/compras\/wp-json\/wp\/v2\/types\/product"}],"replies":[{"embeddable":true,"href":"https:\/\/diplomadossanmarcos.edu.pe\/compras\/wp-json\/wp\/v2\/comments?post=192"}],"wp:featuredmedia":[{"embeddable":true,"href":"https:\/\/diplomadossanmarcos.edu.pe\/compras\/wp-json\/wp\/v2\/media\/193"}],"wp:attachment":[{"href":"https:\/\/diplomadossanmarcos.edu.pe\/compras\/wp-json\/wp\/v2\/media?parent=192"}],"wp:term":[{"taxonomy":"product_brand","embeddable":true,"href":"https:\/\/diplomadossanmarcos.edu.pe\/compras\/wp-json\/wp\/v2\/product_brand?post=192"},{"taxonomy":"product_cat","embeddable":true,"href":"https:\/\/diplomadossanmarcos.edu.pe\/compras\/wp-json\/wp\/v2\/product_cat?post=192"},{"taxonomy":"product_tag","embeddable":true,"href":"https:\/\/diplomadossanmarcos.edu.pe\/compras\/wp-json\/wp\/v2\/product_tag?post=192"}],"curies":[{"name":"wp","href":"https:\/\/api.w.org\/{rel}","templated":true}]}}