{"id":334,"date":"2025-08-18T19:13:42","date_gmt":"2025-08-18T19:13:42","guid":{"rendered":"https:\/\/diplomadossanmarcos.edu.pe\/compras\/?post_type=product&#038;p=334"},"modified":"2025-08-18T19:28:16","modified_gmt":"2025-08-18T19:28:16","slug":"diploma-de-especializacion-en-gestion-comercial","status":"publish","type":"product","link":"https:\/\/diplomadossanmarcos.edu.pe\/compras\/producto\/diploma-de-especializacion-en-gestion-comercial\/","title":{"rendered":"Diploma de Especializaci\u00f3n en Gesti\u00f3n Comercial"},"content":{"rendered":"<p>Al terminar el Diploma, obtienes un Certificado de Estudios otorgado por la Facultad de Econom\u00eda de la Universidad Nacional Mayor de San Marcos &#8211; CERSEU.<\/p>\n","protected":false},"excerpt":{"rendered":"<p>Este Diploma de Especializaci\u00f3n integra \u00a0\u00e1reas como an\u00e1lisis de entorno, segmentaci\u00f3n de mercados, investigaci\u00f3n comercial, CRM, ventas consultivas, negociaci\u00f3n y fidelizaci\u00f3n de clientes. Y mucho m\u00e1s.<\/p>\n","protected":false},"featured_media":337,"comment_status":"closed","ping_status":"closed","template":"","meta":[],"product_brand":[],"product_cat":[17],"product_tag":[],"class_list":{"0":"post-334","1":"product","2":"type-product","3":"status-publish","4":"has-post-thumbnail","6":"product_cat-diplomas","8":"first","9":"instock","10":"shipping-taxable","11":"purchasable","12":"product-type-simple"},"aioseo_notices":[],"_links":{"self":[{"href":"https:\/\/diplomadossanmarcos.edu.pe\/compras\/wp-json\/wp\/v2\/product\/334","targetHints":{"allow":["GET"]}}],"collection":[{"href":"https:\/\/diplomadossanmarcos.edu.pe\/compras\/wp-json\/wp\/v2\/product"}],"about":[{"href":"https:\/\/diplomadossanmarcos.edu.pe\/compras\/wp-json\/wp\/v2\/types\/product"}],"replies":[{"embeddable":true,"href":"https:\/\/diplomadossanmarcos.edu.pe\/compras\/wp-json\/wp\/v2\/comments?post=334"}],"wp:featuredmedia":[{"embeddable":true,"href":"https:\/\/diplomadossanmarcos.edu.pe\/compras\/wp-json\/wp\/v2\/media\/337"}],"wp:attachment":[{"href":"https:\/\/diplomadossanmarcos.edu.pe\/compras\/wp-json\/wp\/v2\/media?parent=334"}],"wp:term":[{"taxonomy":"product_brand","embeddable":true,"href":"https:\/\/diplomadossanmarcos.edu.pe\/compras\/wp-json\/wp\/v2\/product_brand?post=334"},{"taxonomy":"product_cat","embeddable":true,"href":"https:\/\/diplomadossanmarcos.edu.pe\/compras\/wp-json\/wp\/v2\/product_cat?post=334"},{"taxonomy":"product_tag","embeddable":true,"href":"https:\/\/diplomadossanmarcos.edu.pe\/compras\/wp-json\/wp\/v2\/product_tag?post=334"}],"curies":[{"name":"wp","href":"https:\/\/api.w.org\/{rel}","templated":true}]}}