{"id":338,"date":"2025-08-18T19:21:35","date_gmt":"2025-08-18T19:21:35","guid":{"rendered":"https:\/\/diplomadossanmarcos.edu.pe\/compras\/?post_type=product&#038;p=338"},"modified":"2025-08-18T19:24:28","modified_gmt":"2025-08-18T19:24:28","slug":"diploma-de-especializacion-en-gerencia-de-la-calidad-total","status":"publish","type":"product","link":"https:\/\/diplomadossanmarcos.edu.pe\/compras\/producto\/diploma-de-especializacion-en-gerencia-de-la-calidad-total\/","title":{"rendered":"Diploma de Especializaci\u00f3n en Gerencia de la Calidad Total"},"content":{"rendered":"<p>Al terminar el Diploma, obtienes un Certificado de Estudios otorgado por la Facultad de Econom\u00eda de la Universidad Nacional Mayor de San Marcos &#8211; CERSEU.<\/p>\n","protected":false},"excerpt":{"rendered":"<p>Este Diploma de Especializaci\u00f3n te capacita en las metodolog\u00edas de control de procesos. Podr\u00e1s dise\u00f1ar e implementar estrategias efectivas que eleven los est\u00e1ndares de calidad y optimicen auditor\u00edas de certificaci\u00f3n. Y m\u00e1s.<\/p>\n","protected":false},"featured_media":339,"comment_status":"closed","ping_status":"closed","template":"","meta":[],"product_brand":[],"product_cat":[17],"product_tag":[],"class_list":{"0":"post-338","1":"product","2":"type-product","3":"status-publish","4":"has-post-thumbnail","6":"product_cat-diplomas","8":"first","9":"instock","10":"shipping-taxable","11":"purchasable","12":"product-type-simple"},"aioseo_notices":[],"_links":{"self":[{"href":"https:\/\/diplomadossanmarcos.edu.pe\/compras\/wp-json\/wp\/v2\/product\/338","targetHints":{"allow":["GET"]}}],"collection":[{"href":"https:\/\/diplomadossanmarcos.edu.pe\/compras\/wp-json\/wp\/v2\/product"}],"about":[{"href":"https:\/\/diplomadossanmarcos.edu.pe\/compras\/wp-json\/wp\/v2\/types\/product"}],"replies":[{"embeddable":true,"href":"https:\/\/diplomadossanmarcos.edu.pe\/compras\/wp-json\/wp\/v2\/comments?post=338"}],"wp:featuredmedia":[{"embeddable":true,"href":"https:\/\/diplomadossanmarcos.edu.pe\/compras\/wp-json\/wp\/v2\/media\/339"}],"wp:attachment":[{"href":"https:\/\/diplomadossanmarcos.edu.pe\/compras\/wp-json\/wp\/v2\/media?parent=338"}],"wp:term":[{"taxonomy":"product_brand","embeddable":true,"href":"https:\/\/diplomadossanmarcos.edu.pe\/compras\/wp-json\/wp\/v2\/product_brand?post=338"},{"taxonomy":"product_cat","embeddable":true,"href":"https:\/\/diplomadossanmarcos.edu.pe\/compras\/wp-json\/wp\/v2\/product_cat?post=338"},{"taxonomy":"product_tag","embeddable":true,"href":"https:\/\/diplomadossanmarcos.edu.pe\/compras\/wp-json\/wp\/v2\/product_tag?post=338"}],"curies":[{"name":"wp","href":"https:\/\/api.w.org\/{rel}","templated":true}]}}