{"id":63,"date":"2025-06-13T21:53:55","date_gmt":"2025-06-13T21:53:55","guid":{"rendered":"https:\/\/diplomadossanmarcos.edu.pe\/compras\/?post_type=product&#038;p=63"},"modified":"2025-06-15T19:21:29","modified_gmt":"2025-06-15T19:21:29","slug":"diploma-de-especializacion-en-finanzas-empresariales","status":"publish","type":"product","link":"https:\/\/diplomadossanmarcos.edu.pe\/compras\/producto\/diploma-de-especializacion-en-finanzas-empresariales\/","title":{"rendered":"Diploma de Especializaci\u00f3n en Finanzas Empresariales"},"content":{"rendered":"<p>Al terminar el Curso, obtienes un Certificado de Estudios otorgado por la Facultad de Econom\u00eda de la Universidad Nacional Mayor de San Marcos &#8211; CERSEU.<\/p>\n","protected":false},"excerpt":{"rendered":"<p>Este Diploma de Especializaci\u00f3n te brinda una visi\u00f3n real de los sistemas de gesti\u00f3n financiera utilizados en grandes organizaciones. Con el respaldo de docentes de reconocida trayectoria y experiencia en banca, industria y consultor\u00eda.<\/p>\n","protected":false},"featured_media":64,"comment_status":"closed","ping_status":"closed","template":"","meta":[],"product_brand":[],"product_cat":[17],"product_tag":[],"class_list":{"0":"post-63","1":"product","2":"type-product","3":"status-publish","4":"has-post-thumbnail","6":"product_cat-diplomas","8":"first","9":"instock","10":"shipping-taxable","11":"purchasable","12":"product-type-simple"},"aioseo_notices":[],"_links":{"self":[{"href":"https:\/\/diplomadossanmarcos.edu.pe\/compras\/wp-json\/wp\/v2\/product\/63","targetHints":{"allow":["GET"]}}],"collection":[{"href":"https:\/\/diplomadossanmarcos.edu.pe\/compras\/wp-json\/wp\/v2\/product"}],"about":[{"href":"https:\/\/diplomadossanmarcos.edu.pe\/compras\/wp-json\/wp\/v2\/types\/product"}],"replies":[{"embeddable":true,"href":"https:\/\/diplomadossanmarcos.edu.pe\/compras\/wp-json\/wp\/v2\/comments?post=63"}],"wp:featuredmedia":[{"embeddable":true,"href":"https:\/\/diplomadossanmarcos.edu.pe\/compras\/wp-json\/wp\/v2\/media\/64"}],"wp:attachment":[{"href":"https:\/\/diplomadossanmarcos.edu.pe\/compras\/wp-json\/wp\/v2\/media?parent=63"}],"wp:term":[{"taxonomy":"product_brand","embeddable":true,"href":"https:\/\/diplomadossanmarcos.edu.pe\/compras\/wp-json\/wp\/v2\/product_brand?post=63"},{"taxonomy":"product_cat","embeddable":true,"href":"https:\/\/diplomadossanmarcos.edu.pe\/compras\/wp-json\/wp\/v2\/product_cat?post=63"},{"taxonomy":"product_tag","embeddable":true,"href":"https:\/\/diplomadossanmarcos.edu.pe\/compras\/wp-json\/wp\/v2\/product_tag?post=63"}],"curies":[{"name":"wp","href":"https:\/\/api.w.org\/{rel}","templated":true}]}}